{"id":2,"date":"2014-09-10T12:43:25","date_gmt":"2014-09-10T10:43:25","guid":{"rendered":"https:\/\/www.inklusion-inklusive.info\/\/?page_id=2"},"modified":"2021-01-10T14:21:23","modified_gmt":"2021-01-10T12:21:23","slug":"beispiel-seite","status":"publish","type":"page","link":"https:\/\/www.inklusion-inklusive.info\/?page_id=2","title":{"rendered":"\u00dcBER MICH"},"content":{"rendered":"<h4><\/h4>\n<h4 style=\"text-align: left;\"><a href=\"https:\/\/www.inklusion-inklusive.info\/wp-content\/uploads\/2014\/09\/AvR_portrait_800.jpg\"><img loading=\"lazy\" class=\"aligncenter size-full wp-image-259\" src=\"https:\/\/www.inklusion-inklusive.info\/wp-content\/uploads\/2014\/09\/AvR_portrait_800.jpg\" alt=\"AvR_portrait_800\" width=\"800\" height=\"550\" srcset=\"https:\/\/www.inklusion-inklusive.info\/wp-content\/uploads\/2014\/09\/AvR_portrait_800.jpg 800w, https:\/\/www.inklusion-inklusive.info\/wp-content\/uploads\/2014\/09\/AvR_portrait_800-300x206.jpg 300w, https:\/\/www.inklusion-inklusive.info\/wp-content\/uploads\/2014\/09\/AvR_portrait_800-100x68.jpg 100w\" sizes=\"(max-width: 800px) 100vw, 800px\" \/><\/a><\/h4>\n<h2  class=\"h-custom-headline responsive-heading center-text\" ><span>\n<h5 style=\"text-align: left;\">Ich hatte einen Unfall \u2026<\/h5>\n<p style=\"text-align: left;\">Ich habe einen erworbenen Hirnsch\u00e4digung. Man sieht mir diese aber nicht an. Man h\u00e4lt mich f\u00fcr betrunken. Ich schwanke beim Gehen. Bin insgesamt langsamer als andere. Die Leute an der Kasse werden ungeduldig. Ich werde unsicher und brauche noch l\u00e4nger. Das Reden ist stockend. Ich muss h\u00e4ufig l\u00e4nger nachdenken, um die richtigen Worte zu finden.<\/p>\n<h5 style=\"text-align: left;\">Mit dem Button kann ich etwas sagen, ohne es aussprechen zu m\u00fcssen \u2026<\/h5>\n<p style=\"text-align: left;\">\u2026und jeder versteht mich. Er gibt mir Sicherheit. Ich werde verstanden \u2013 Inklusion inklusive.<\/p>\n<p style=\"text-align: left;\">Die Gestalterin Antonia von Reden ist Expertin in eigener Sache.<\/p>\n<p style=\"text-align: left;\">Kontakt: <a href=\"mailto:antonia@inklusion-inklusive.info\">antonia@inklusion-inklusive.info<\/a><\/p>\n<\/span><\/h2> <span id=\"x-responsive-text-1\" data-x-element=\"responsive_text\" data-x-params=\"{&quot;selector&quot;:&quot;.responsive-heading&quot;,&quot;compression&quot;:&quot;1.5&quot;,&quot;minFontSize&quot;:&quot;18px&quot;,&quot;maxFontSize&quot;:&quot;36px&quot;}\" ><\/span>\n","protected":false},"excerpt":{"rendered":"Ich hatte einen Unfall \u2026 Ich habe einen erworbenen Hirnsch\u00e4digung. Man sieht mir diese aber nicht an. Man h\u00e4lt mich f\u00fcr betrunken. Ich schwanke beim Gehen. Bin insgesamt langsamer als andere. Die Leute an der Kasse werden ungeduldig. Ich werde unsicher und brauche noch l\u00e4nger. Das Reden ist stockend. Ich muss h\u00e4ufig l\u00e4nger nachdenken, um die richtigen Worte zu finden. ... <a href=\"https:\/\/www.inklusion-inklusive.info\/?page_id=2\" class=\"more-link\">Read More<\/a>","protected":false},"author":1,"featured_media":0,"parent":0,"menu_order":0,"comment_status":"closed","ping_status":"closed","template":"","meta":[],"_links":{"self":[{"href":"https:\/\/www.inklusion-inklusive.info\/index.php?rest_route=\/wp\/v2\/pages\/2"}],"collection":[{"href":"https:\/\/www.inklusion-inklusive.info\/index.php?rest_route=\/wp\/v2\/pages"}],"about":[{"href":"https:\/\/www.inklusion-inklusive.info\/index.php?rest_route=\/wp\/v2\/types\/page"}],"author":[{"embeddable":true,"href":"https:\/\/www.inklusion-inklusive.info\/index.php?rest_route=\/wp\/v2\/users\/1"}],"replies":[{"embeddable":true,"href":"https:\/\/www.inklusion-inklusive.info\/index.php?rest_route=%2Fwp%2Fv2%2Fcomments&post=2"}],"version-history":[{"count":61,"href":"https:\/\/www.inklusion-inklusive.info\/index.php?rest_route=\/wp\/v2\/pages\/2\/revisions"}],"predecessor-version":[{"id":400,"href":"https:\/\/www.inklusion-inklusive.info\/index.php?rest_route=\/wp\/v2\/pages\/2\/revisions\/400"}],"wp:attachment":[{"href":"https:\/\/www.inklusion-inklusive.info\/index.php?rest_route=%2Fwp%2Fv2%2Fmedia&parent=2"}],"curies":[{"name":"wp","href":"https:\/\/api.w.org\/{rel}","templated":true}]}}