{"id":15,"date":"2014-11-18T12:06:53","date_gmt":"2014-11-18T10:06:53","guid":{"rendered":"https:\/\/www.inklusion-inklusive.info\/?page_id=15"},"modified":"2019-09-27T08:39:46","modified_gmt":"2019-09-27T06:39:46","slug":"kontakt","status":"publish","type":"page","link":"https:\/\/www.inklusion-inklusive.info\/","title":{"rendered":"DER BUTTON"},"content":{"rendered":"<h2  class=\"h-custom-headline responsive-heading center-text\" ><span>\n<h5 style=\"text-align: left;\">F\u00fcr wen ist der Button?<\/h5>\n<p style=\"text-align: left;\">F\u00fcr Menschen mit erworbenem Hirnverletzungen.<br \/>\nAber auch andere Menschen mit Beeintr\u00e4chtigung k\u00f6nnen ihn tragen.<\/p>\n<p style=\"text-align: left;\">Jeder kann selbst entscheiden, ob er den Button tragen m\u00f6chte oder nicht. Er kann uns im Alltag unterst\u00fctzen, denn er ist ein kommunikatives Hilfsmittel.<\/p>\n<h5 style=\"text-align: left;\">Und jetzt?<\/h5>\n<p style=\"text-align: left;\">Jetzt wollen wir das Zeichen bekannt machen. Und ihr k\u00f6nnt uns dabei helfen. Tragt den Button.<\/p>\n<h5 style=\"text-align: left;\">Wichtig:<\/h5>\n<p style=\"text-align: left;\">Nur Menschen mit Beeintr\u00e4chtigung sollen den Button tragen, damit das Zeichen nicht falsch<br \/>\nverstanden wird. Den Button und weitere<br \/>\nInformationen gibt es hier auf der Internetseite unter dem Reiter Kampagne<\/p>\n<\/span><\/h2> <span id=\"x-responsive-text-1\" data-x-element=\"responsive_text\" data-x-params=\"{&quot;selector&quot;:&quot;.responsive-heading&quot;,&quot;compression&quot;:&quot;1.5&quot;,&quot;minFontSize&quot;:&quot;18px&quot;,&quot;maxFontSize&quot;:&quot;36px&quot;}\" ><\/span>\n","protected":false},"excerpt":{"rendered":"F\u00fcr wen ist der Button? F\u00fcr Menschen mit erworbenem Hirnverletzungen. Aber auch andere Menschen mit Beeintr\u00e4chtigung k\u00f6nnen ihn tragen. Jeder kann selbst entscheiden, ob er den Button tragen m\u00f6chte oder nicht. Er kann uns im Alltag unterst\u00fctzen, denn er ist ein kommunikatives Hilfsmittel. Und jetzt? Jetzt wollen wir das Zeichen bekannt machen. Und ihr k\u00f6nnt uns dabei helfen. Tragt den ... <a href=\"https:\/\/www.inklusion-inklusive.info\/\" class=\"more-link\">Read More<\/a>","protected":false},"author":1,"featured_media":0,"parent":0,"menu_order":0,"comment_status":"closed","ping_status":"closed","template":"","meta":[],"_links":{"self":[{"href":"https:\/\/www.inklusion-inklusive.info\/index.php?rest_route=\/wp\/v2\/pages\/15"}],"collection":[{"href":"https:\/\/www.inklusion-inklusive.info\/index.php?rest_route=\/wp\/v2\/pages"}],"about":[{"href":"https:\/\/www.inklusion-inklusive.info\/index.php?rest_route=\/wp\/v2\/types\/page"}],"author":[{"embeddable":true,"href":"https:\/\/www.inklusion-inklusive.info\/index.php?rest_route=\/wp\/v2\/users\/1"}],"replies":[{"embeddable":true,"href":"https:\/\/www.inklusion-inklusive.info\/index.php?rest_route=%2Fwp%2Fv2%2Fcomments&post=15"}],"version-history":[{"count":58,"href":"https:\/\/www.inklusion-inklusive.info\/index.php?rest_route=\/wp\/v2\/pages\/15\/revisions"}],"predecessor-version":[{"id":388,"href":"https:\/\/www.inklusion-inklusive.info\/index.php?rest_route=\/wp\/v2\/pages\/15\/revisions\/388"}],"wp:attachment":[{"href":"https:\/\/www.inklusion-inklusive.info\/index.php?rest_route=%2Fwp%2Fv2%2Fmedia&parent=15"}],"curies":[{"name":"wp","href":"https:\/\/api.w.org\/{rel}","templated":true}]}}